{"id":11,"date":"2020-08-06T01:17:57","date_gmt":"2020-08-06T01:17:57","guid":{"rendered":"http:\/\/cornellierphoto.com\/wp\/?page_id=11"},"modified":"2020-10-01T16:28:33","modified_gmt":"2020-10-01T16:28:33","slug":"profile","status":"publish","type":"page","link":"http:\/\/cornellierphoto.com\/wp\/profile\/","title":{"rendered":"Profile"},"content":{"rendered":"<p>[spb_blank_spacer height=&#8221;120px&#8221; width=&#8221;1\/1&#8243; el_position=&#8221;first last&#8221;] [spb_text_block animation=&#8221;none&#8221; animation_delay=&#8221;0&#8243; simplified_controls=&#8221;yes&#8221; custom_css_percentage=&#8221;no&#8221; padding_vertical=&#8221;0&#8243; padding_horizontal=&#8221;0&#8243; margin_vertical=&#8221;0&#8243; custom_css=&#8221;margin-top: 0px;margin-bottom: 0px;&#8221; border_size=&#8221;0&#8243; border_styling_global=&#8221;default&#8221; width=&#8221;1\/2&#8243; el_position=&#8221;first&#8221;]<\/p>\n<p><strong>Andr\u00e9 Cornellier.<\/strong><\/p>\n<p>Artiste photographe, vid\u00e9ographe, commissaire d&#8217;exposition, conf\u00e9rencier, charg\u00e9 de cours, animateur, producteur, \u00e9diteur, <a href=\"http:\/\/www.cornellierphoto.com\"><u>Andr\u00e9 Cornellier<\/u><\/a> si\u00e8ge sur plusieurs jurys et est co-fondateur des Prix LUX.<\/p>\n<p>Figure importante dans le domaine de la photographie et des arts visuels, il est un artiste photographe avec une carri\u00e8re cumulant plus de 30 ans d&#8217;exp\u00e9rience. Il est reconnu pour ses photographies artistiques et de th\u00e9\u00e2tre qui ont \u00e9t\u00e9 publi\u00e9es au Qu\u00e9bec comme \u00e0 l&#8217;\u00e9tranger et pr\u00e9sent\u00e9es dans le cadre de nombreuses expositions.<\/p>\n<p>Son travail photographique lui a permis de r\u00e9colter plus de 70 prix et reconnaissances, \u00e0 New-York, Toronto, Londres, Paris, Montr\u00e9al, Gen\u00e8ve.<\/p>\n<p>Cornellier a pr\u00e9sent\u00e9 pas moins de 25 expositions en tant que commissaire avec des artistes tels que Gabor Szilasi et a produit et distribu\u00e9 quatre vid\u00e9os et un film, dont un documentaire-po\u00e9tique sur <a href=\"http:\/\/www.cornellierphoto.com\/film\/la-nuit-est-ma-chambre-noire\/\"><u>Michael Flomen<\/u><\/a>, pr\u00e9sent\u00e9 au Festival International des Films sur l&#8217;Art, FIFA, en 2009.<\/p>\n<p>Touchant \u00e9galement \u00e0 l&#8217;\u00e9dition, il a publi\u00e9 une monographie sur les artistes canadiens Carlos &amp; Jason Sanchez<em> <u><a href=\"http:\/\/www.umamontreal.com\">L&#8217;instant de la rupture\/The moment of rupture<\/a><\/u><\/em>, qui a \u00e9t\u00e9 distribu\u00e9 internationalement et sur Marisa Portolese <a href=\"http:\/\/www.umamontreal.com\/mp_livre\/\"><u>Le Jardin d&#8217;Antonia \/ Antonia&#8217;s Garden<\/u><\/a><\/p>\n<p>Depuis 2001, il est le directeur g\u00e9n\u00e9ral de <a href=\"http:\/\/www.umamontreal.com\"><u>UMA, Maison de l&#8217;image et de la photographie<\/u><\/a> et depuis 2003, un repr\u00e9sentant canadien du Conseil Consultatif International pour <a href=\"https:\/\/www.useplus.com\/aboutplus\/system.asp\"><u>PLUS (Picture Licensing Universal System)<\/u><\/a>, une coop\u00e9rative internationale qui a pour but de cat\u00e9goriser les diff\u00e9rents usages en photographie pour l&#8217;octroi et l&#8217;acquisition des droits d&#8217;auteurs.<\/p>\n<p>Il a pilot\u00e9 durant 15 ans, au sein de la CAPIC et de PPOC, le projet pour changer la loi sur le droit d&#8217;auteur afin de faire reconnaitre aux photographes canadiens leurs droits par le gouvernement canadien. Gr\u00e2ce a ce travail aujourd&#8217;hui les photographes sont, depuis le 7 octobre 2012, premier titulaire des droits sur leur travail.<\/p>\n<p>Avec plusieurs projets \u00e0 son actif, Cornellier demeure impliqu\u00e9 socialement, ex: l&#8217;H\u00f4pital Ste-Justine, l&#8217;H\u00f4pital Maisonneuve-Rosemont, Le Refuge (la r\u00e9sidence pour femmes en difficult\u00e9).<\/p>\n<p>[\/spb_text_block] [spb_text_block animation=&#8221;none&#8221; animation_delay=&#8221;0&#8243; simplified_controls=&#8221;yes&#8221; custom_css_percentage=&#8221;no&#8221; padding_vertical=&#8221;0&#8243; padding_horizontal=&#8221;0&#8243; margin_vertical=&#8221;0&#8243; custom_css=&#8221;margin-top: 0px;margin-bottom: 0px;&#8221; border_size=&#8221;0&#8243; border_styling_global=&#8221;default&#8221; width=&#8221;1\/2&#8243; el_position=&#8221;last&#8221;]<\/p>\n<p><strong>Andre Cornellier<\/strong><\/p>\n<p>Artist photographer, videographer, curator, speaker, teacher, animator, producer, publisher, Andr\u00e9 Cornellier sits on several juries and is co-founder of the LUX Prizes.<\/p>\n<p>An important figure in the field of photography and visual arts, he is a photographic artist with a career spanning more than 30 years of experience. He is known for his artistic and theatrical photographs that have been published in Quebec and abroad and presented in numerous exhibitions.<\/p>\n<p>His photographic work has garnered over 70 awards and recognitions in New York, Toronto, London, Paris, Montreal, Geneva.<\/p>\n<p>Cornellier has curated no less than 25 exhibitions with artists such as Gabor Szilasi and has produced and distributed four videos and one film, including a poetic documentary on Michael Flomen, presented at the International Festival of Films on Art, FIFA, in 2009.<\/p>\n<p>Also in the area of editing, he has published a monograph on Canadian artists Carlos &amp; Jason Sanchez L&#8217;instant de la rupture\/The moment of rupture, which has been distributed internationally and on Marisa Portolese, Le Jardin d&#8217;Antonia \/ Antonia&#8217;s Garden.<\/p>\n<p>Since 2001, he has been the Executive Director of UMA, Maison de l&#8217;image et de la photographie and since 2003, a Canadian representative on the International Advisory Council for PLUS (Picture Licensing Universal System), an international cooperative that aims to categorize the different uses in photography for the granting and acquisition of copyright.<\/p>\n<p>For 15 years, he led the project within CAPIC and PPOC to change the copyright law in order to have Canadian photographers&#8217; rights recognized by the Canadian government. As a result of this work today, photographers are, as of October 7, 2012, the first owners of the rights to their work.<\/p>\n<p>With several projects to his credit, Cornellier remains socially involved, e.g. Ste-Justine Hospital, Maisonneuve-Rosemont Hospital, Le Refuge (the residence for women in difficulty).<\/p>\n<p>&nbsp;<\/p>\n<p>[\/spb_text_block] [spb_blank_spacer height=&#8221;120px&#8221; width=&#8221;1\/1&#8243; el_position=&#8221;first last&#8221;]<\/p>\n","protected":false},"excerpt":{"rendered":"<p>[spb_blank_spacer height=&#8221;120px&#8221; width=&#8221;1\/1&#8243; el_position=&#8221;first last&#8221;] [spb_text_block animation=&#8221;none&#8221; animation_delay=&#8221;0&#8243; simplified_controls=&#8221;yes&#8221; custom_css_percentage=&#8221;no&#8221; padding_vertical=&#8221;0&#8243; padding_horizontal=&#8221;0&#8243; margin_vertical=&#8221;0&#8243; custom_css=&#8221;margin-top: 0px;margin-bottom: 0px;&#8221; border_size=&#8221;0&#8243; border_styling_global=&#8221;default&#8221; width=&#8221;1\/2&#8243; el_position=&#8221;first&#8221;] Andr\u00e9 Cornellier. Artiste photographe, vid\u00e9ographe, commissaire d&#8217;exposition, conf\u00e9rencier, charg\u00e9 de cours, animateur, producteur, \u00e9diteur, Andr\u00e9 Cornellier si\u00e8ge sur plusieurs jurys et est co-fondateur des Prix LUX. Figure importante dans le domaine de la photographie et des arts visuels, il est [&hellip;]<\/p>\n","protected":false},"author":1,"featured_media":0,"parent":0,"menu_order":0,"comment_status":"closed","ping_status":"closed","template":"","meta":[],"_links":{"self":[{"href":"http:\/\/cornellierphoto.com\/wp\/wp-json\/wp\/v2\/pages\/11"}],"collection":[{"href":"http:\/\/cornellierphoto.com\/wp\/wp-json\/wp\/v2\/pages"}],"about":[{"href":"http:\/\/cornellierphoto.com\/wp\/wp-json\/wp\/v2\/types\/page"}],"author":[{"embeddable":true,"href":"http:\/\/cornellierphoto.com\/wp\/wp-json\/wp\/v2\/users\/1"}],"replies":[{"embeddable":true,"href":"http:\/\/cornellierphoto.com\/wp\/wp-json\/wp\/v2\/comments?post=11"}],"version-history":[{"count":11,"href":"http:\/\/cornellierphoto.com\/wp\/wp-json\/wp\/v2\/pages\/11\/revisions"}],"predecessor-version":[{"id":289,"href":"http:\/\/cornellierphoto.com\/wp\/wp-json\/wp\/v2\/pages\/11\/revisions\/289"}],"wp:attachment":[{"href":"http:\/\/cornellierphoto.com\/wp\/wp-json\/wp\/v2\/media?parent=11"}],"curies":[{"name":"wp","href":"https:\/\/api.w.org\/{rel}","templated":true}]}}